{"id":3366,"date":"2021-02-09T21:19:09","date_gmt":"2021-02-09T20:19:09","guid":{"rendered":"https:\/\/www.hpwirth.com\/?page_id=3366"},"modified":"2024-11-12T09:40:56","modified_gmt":"2024-11-12T08:40:56","slug":"career","status":"publish","type":"page","link":"https:\/\/www.hpwirth.com\/en\/career\/","title":{"rendered":"Career"},"content":{"rendered":"<p>[et_pb_section fb_built=&#8221;1&#8243; _builder_version=&#8221;4.16&#8243; background_image=&#8221;https:\/\/www.hpwirth.com\/wp-content\/uploads\/2020\/01\/HPWirth-Unternehmen_1920x450-3.jpg&#8221; background_position=&#8221;center_left&#8221; max_height=&#8221;450px&#8221; custom_padding=&#8221;90px||90px|||&#8221; background_last_edited=&#8221;on|tablet&#8221; background_image_tablet=&#8221;https:\/\/www.hpwirth.com\/wp-content\/uploads\/2020\/01\/HPWirth-Unternehmen_1920x450_ohne_Blau-2.jpg&#8221; background_enable_image_tablet=&#8221;on&#8221; background_position_tablet=&#8221;center_right&#8221; saved_tabs=&#8221;all&#8221; global_colors_info=&#8221;{}&#8221;][et_pb_row _builder_version=&#8221;4.16&#8243; global_colors_info=&#8221;{}&#8221;][et_pb_column type=&#8221;4_4&#8243; _builder_version=&#8221;4.16&#8243; global_colors_info=&#8221;{}&#8221;][et_pb_text _builder_version=&#8221;4.16&#8243; text_font=&#8221;|||on|||||&#8221; text_text_color=&#8221;#ffffff&#8221; text_font_size=&#8221;70px&#8221; text_line_height=&#8221;1.1em&#8221; header_font=&#8221;|||on|||||&#8221; header_text_color=&#8221;#ffffff&#8221; header_font_size=&#8221;70px&#8221; custom_padding_tablet=&#8221;20px|20px|20px|20px|true|true&#8221; custom_padding_phone=&#8221;&#8221; custom_padding_last_edited=&#8221;on|phone&#8221; animation_style=&#8221;slide&#8221; animation_direction=&#8221;bottom&#8221; text_font_size_tablet=&#8221;&#8221; text_font_size_phone=&#8221;30px&#8221; text_font_size_last_edited=&#8221;on|phone&#8221; header_text_color_tablet=&#8221;&#8221; header_text_color_phone=&#8221;&#8221; header_text_color_last_edited=&#8221;on|tablet&#8221; header_font_size_tablet=&#8221;46px&#8221; header_font_size_phone=&#8221;30px&#8221; header_font_size_last_edited=&#8221;on|desktop&#8221; background_color_tablet=&#8221;rgba(0,123,180,0.8)&#8221; background_last_edited=&#8221;on|tablet&#8221; background_enable_color_tablet=&#8221;on&#8221; global_colors_info=&#8221;{}&#8221;]<\/p>\n<p><strong>Our<\/strong><br \/><b>Company<\/b><\/p>\n<p>[\/et_pb_text][\/et_pb_column][\/et_pb_row][\/et_pb_section][et_pb_section fb_built=&#8221;1&#8243; _builder_version=&#8221;4.16&#8243; global_colors_info=&#8221;{}&#8221;][et_pb_row _builder_version=&#8221;4.16&#8243; global_colors_info=&#8221;{}&#8221;][et_pb_column type=&#8221;4_4&#8243; _builder_version=&#8221;4.16&#8243; global_colors_info=&#8221;{}&#8221;][et_pb_text _builder_version=&#8221;4.16&#8243; global_colors_info=&#8221;{}&#8221;]<\/p>\n<h1>Career\u200b<\/h1>\n<p>[\/et_pb_text][\/et_pb_column][\/et_pb_row][et_pb_row column_structure=&#8221;1_2,1_2&#8243; _builder_version=&#8221;4.16&#8243; global_colors_info=&#8221;{}&#8221;][et_pb_column type=&#8221;1_2&#8243; _builder_version=&#8221;4.16&#8243; global_colors_info=&#8221;{}&#8221;][et_pb_image src=&#8221;https:\/\/www.hpwirth.com\/wp-content\/uploads\/2020\/03\/HPWirth-Karriere.jpg&#8221; _builder_version=&#8221;4.16&#8243; global_colors_info=&#8221;{}&#8221;][\/et_pb_image][\/et_pb_column][et_pb_column type=&#8221;1_2&#8243; _builder_version=&#8221;4.16&#8243; global_colors_info=&#8221;{}&#8221;][et_pb_text _builder_version=&#8221;4.16&#8243; global_colors_info=&#8221;{}&#8221;]<\/p>\n<p>H.P. Wirth is a medium-sized family business based in Eisingen, Baden-W\u00fcrttemberg. We are experts in brazing alloys, soft solders and preforms as well as mechanical and fixture engineering. Customers appreciate especially our individual answers to their problems: WE CREATE SOLUTIONS.<\/p>\n<p>Our likeable team consists of a perfectly executed mix of junior staff, skilled workers and practiced experts. We are proud of our familiar atmosphere.<\/p>\n<p>You are a solution finder as well? You want to play a part in our steadily growing enterprise? Offhandedly send us your unsolicited application to <a title=\"E-Mail schreiben\" href=\"&#109;a&#x69;l&#x74;o&#x3a;b&#x65;w&#x65;r&#x62;&#117;&#x6e;&#103;&#x40;&#104;&#x70;&#119;&#x69;&#114;&#x74;&#104;&#x2e;&#99;o&#x6d;\">&#98;&#x65;&#119;&#x65;&#114;&#x62;&#117;&#x6e;&#103;&#x40;&#104;&#x70;w&#x69;r&#x74;h&#x2e;c&#x6f;m<\/a><\/p>\n<p>[\/et_pb_text][\/et_pb_column][\/et_pb_row][\/et_pb_section][et_pb_section fb_built=&#8221;1&#8243; _builder_version=&#8221;4.16&#8243; custom_padding=&#8221;0px|||||&#8221; global_colors_info=&#8221;{}&#8221;][et_pb_row _builder_version=&#8221;4.16&#8243; global_colors_info=&#8221;{}&#8221;][et_pb_column type=&#8221;4_4&#8243; _builder_version=&#8221;4.16&#8243; global_colors_info=&#8221;{}&#8221;][et_pb_text _builder_version=&#8221;4.16&#8243; global_colors_info=&#8221;{}&#8221;]<\/p>\n<h1>Currently we offer the following jobs:<\/h1>\n<h2>\u200b<\/h2>\n<p>[\/et_pb_text][\/et_pb_column][\/et_pb_row][et_pb_row _builder_version=&#8221;4.16&#8243; global_colors_info=&#8221;{}&#8221;][et_pb_column type=&#8221;4_4&#8243; _builder_version=&#8221;4.16&#8243; global_colors_info=&#8221;{}&#8221;][et_pb_toggle title=&#8221;Aus\u00adbildung zum Werk\u00adzeug\u00admechaniker \u00ad(m\/w\/d)&#8221; open_toggle_text_color=&#8221;#007bb4&#8243; open_toggle_background_color=&#8221;#ffffff&#8221; closed_toggle_text_color=&#8221;#007bb4&#8243; closed_toggle_background_color=&#8221;#ffffff&#8221; icon_color=&#8221;#007bb4&#8243; use_icon_font_size=&#8221;on&#8221; open_icon_color=&#8221;#007bb4&#8243; open_use_icon_font_size=&#8221;on&#8221; _builder_version=&#8221;4.16&#8243; title_text_color=&#8221;#007bb4&#8243; title_level=&#8221;h2&#8243; title_font=&#8221;|||on|||||&#8221; closed_title_font=&#8221;|||on|||||&#8221; body_font=&#8221;Lato Regular||||||||&#8221; custom_padding=&#8221;|50px||50px|false|true&#8221; title_font_size_tablet=&#8221;&#8221; title_font_size_phone=&#8221;22px&#8221; title_font_size_last_edited=&#8221;on|phone&#8221; custom_css_toggle_content=&#8221;padding-top: 50px;||padding-bottom: 30px;&#8221; box_shadow_style=&#8221;preset1&#8243; global_colors_info=&#8221;{}&#8221;]Wir bilden dich in dreieinhalb Jahren Lehrzeit zum Werkzeugmechaniker aus. Dabei lernst du, wie die bei uns hergestellten Stanzwerkzeuge aufgebaut sind und wie sie benutzt werden. Unter Anleitung fertigst du \u00dcbungsst\u00fccke und Ersatzteile f\u00fcr Werkzeuge. Nach der abgeschlossenen Ausbildung kannst du bei uns weiter besch\u00e4ftigt werden und Weiterbildungsangebote nutzen.<\/p>\n<p><strong>Diese F\u00e4higkeiten bringst du mit:<br \/>\n<\/strong><\/p>\n<ul>\n<li>Freude am Umgang mit Technik<\/li>\n<li>Auch die handwerkliche Seite des Berufs ist f\u00fcr dich spannend<\/li>\n<li>Du besitzt handwerkliches Geschick und technisches Verst\u00e4ndnis, r\u00e4umliches Vorstellungsverm\u00f6gen und ein Auge f\u00fcr Details<\/li>\n<li>Abgeschlossener Schulabschluss (Hauptschule oder h\u00f6her)<\/li>\n<li>Zuverl\u00e4ssigkeit und Verantwortungsbewusstsein<\/li>\n<\/ul>\n<p><strong>Das bieten wir dir:<br \/>\n<\/strong><\/p>\n<ul>\n<li>Ein abwechslungsreiches Aufgabengebiet mit moderner Ausstattung<\/li>\n<li>Ein famili\u00e4res Arbeitsumfeld<\/li>\n<li>Eine fundierte Ausbildung mit guten Zukunftsaussichten<\/li>\n<li>Flexible Arbeitszeiten auch in der Ausbildung<\/li>\n<li>Fort- und Weiterbildungsangebot<\/li>\n<\/ul>\n<p>&nbsp;<\/p>\n<p>Hast du Lust, diesen spannenden und herausfordernden Beruf zu erlernen? Dann freuen wir uns auf deine Bewerbung (bevorzugt per E-Mail) an Herrn Sven Krauter:<\/p>\n<p><a href=\"&#109;&#x61;&#x69;l&#116;&#x6f;:&#98;&#x65;&#x77;&#101;&#x72;&#x62;u&#110;&#x67;&#64;&#104;&#x70;&#x77;&#105;&#x72;&#x74;h&#46;&#x63;o&#109;\">&#98;&#x65;&#x77;&#101;&#x72;&#x62;&#117;&#x6e;&#x67;&#64;&#x68;&#x70;&#119;&#x69;&#x72;&#116;&#x68;&#x2e;&#99;&#x6f;&#x6d;<\/a><\/p>\n<p><strong>H.P. Wirth GmbH<\/strong><br \/>\nz.Hd. Herrn Sven Krauter<br \/>\nWeberstr. 46<br \/>\n75239 Eisingen<br \/>\n[\/et_pb_toggle][\/et_pb_column][\/et_pb_row][\/et_pb_section]<\/p>\n","protected":false},"excerpt":{"rendered":"<p>OurCompanyCareer\u200bH.P. Wirth is a medium-sized family business based in Eisingen, Baden-W\u00fcrttemberg. We are experts in brazing alloys, soft solders and preforms as well as mechanical and fixture engineering. Customers appreciate especially our individual answers to their problems: WE CREATE SOLUTIONS. Our likeable team consists of a perfectly executed mix of junior staff, skilled workers and [&hellip;]<\/p>\n","protected":false},"author":4,"featured_media":0,"parent":0,"menu_order":0,"comment_status":"closed","ping_status":"closed","template":"","meta":{"_acf_changed":false,"_et_pb_use_builder":"on","_et_pb_old_content":"<p>[et_pb_section fb_built=\"1\" _builder_version=\"4.3.4\" background_image=\"https:\/\/www.hpwirth.com\/wp-content\/uploads\/2020\/01\/HPWirth-Unternehmen_1920x450-3.jpg\" background_position=\"center_left\" max_height=\"450px\" custom_padding=\"90px||90px|||\" background_last_edited=\"on|tablet\" background_image_tablet=\"https:\/\/www.hpwirth.com\/wp-content\/uploads\/2020\/01\/HPWirth-Unternehmen_1920x450_ohne_Blau-2.jpg\" background_enable_image_tablet=\"on\" background_position_tablet=\"center_right\" global_module=\"1932\" saved_tabs=\"all\"][et_pb_row _builder_version=\"3.26.3\"][et_pb_column type=\"4_4\" _builder_version=\"3.26.3\"][et_pb_text _builder_version=\"4.3.4\" text_font=\"|||on|||||\" text_text_color=\"#ffffff\" text_font_size=\"70px\" text_line_height=\"1.1em\" header_font=\"|||on|||||\" header_text_color=\"#ffffff\" header_font_size=\"70px\" custom_padding_tablet=\"20px|20px|20px|20px|true|true\" custom_padding_phone=\"\" custom_padding_last_edited=\"on|phone\" animation_style=\"slide\" animation_direction=\"bottom\" text_font_size_tablet=\"\" text_font_size_phone=\"30px\" text_font_size_last_edited=\"on|phone\" header_text_color_tablet=\"\" header_text_color_phone=\"\" header_text_color_last_edited=\"on|tablet\" header_font_size_tablet=\"46px\" header_font_size_phone=\"30px\" header_font_size_last_edited=\"on|desktop\" background_color_tablet=\"rgba(0,123,180,0.8)\" background_last_edited=\"on|tablet\" background_enable_color_tablet=\"on\"]<\/p><p><strong>Unser<\/strong><br \/><strong> Unternehmen<\/strong><\/p><p>[\/et_pb_text][\/et_pb_column][\/et_pb_row][\/et_pb_section][et_pb_section fb_built=\"1\" _builder_version=\"4.0.5\"][et_pb_row _builder_version=\"4.0.5\"][et_pb_column type=\"4_4\" _builder_version=\"4.0.5\"][et_pb_text _builder_version=\"4.0.5\"]<\/p><h1>Karriere<\/h1><p>[\/et_pb_text][\/et_pb_column][\/et_pb_row][et_pb_row column_structure=\"1_2,1_2\" _builder_version=\"4.0.9\"][et_pb_column type=\"1_2\" _builder_version=\"4.0.9\"][et_pb_image src=\"https:\/\/www.hpwirth.com\/wp-content\/uploads\/2020\/03\/HPWirth-Karriere.jpg\" _builder_version=\"4.4.1\"][\/et_pb_image][\/et_pb_column][et_pb_column type=\"1_2\" _builder_version=\"4.0.9\"][et_pb_text _builder_version=\"4.6.5\"]<\/p><p>H.P. Wirth ist ein mittelst\u00e4ndisches Familienunternehmen aus Eisingen. Wir sind Spezialisten f\u00fcr Lote, Lotformteile sowie Maschinen- und Vorrichtungsbau. Kunden sch\u00e4tzen vor allem unsere individuellen L\u00f6sungen: WE CREATE SOLUTIONS.<strong><br \/><\/strong><\/p><p>Unser sympathisches Team setzt sich zusammen aus einem gewogenen Mix von Nachwuchskr\u00e4ften, Facharbeitern und erfahrenen Experten. Wir sind stolz auf unsere famili\u00e4re Atmosph\u00e4re.<\/p><p>Wenn Sie auch ein L\u00f6sungsfinder sind und sich in unser stetig wachsendes Unternehmen einbringen m\u00f6chten, senden Sie einfach eine Initiativbewerbung an <a title=\"E-Mail schreiben\" href=\"mailto:bewerbung@hpwirth.com\">bewerbung@hpwirth.com<\/a><\/p><p>[\/et_pb_text][\/et_pb_column][\/et_pb_row][\/et_pb_section][et_pb_section fb_built=\"1\" _builder_version=\"4.0.11\" custom_padding=\"0px|||||\"][et_pb_row _builder_version=\"4.0.11\"][et_pb_column type=\"4_4\" _builder_version=\"4.0.11\"][et_pb_text _builder_version=\"4.0.11\"]<\/p><h2>Derzeit bieten wir folgende Stellen an:<\/h2><p>[\/et_pb_text][\/et_pb_column][\/et_pb_row][et_pb_row _builder_version=\"4.0.11\"][et_pb_column type=\"4_4\" _builder_version=\"4.0.11\"][et_pb_toggle title=\"Mit\u00adarbeiter im Bereich Lager\/\u00adVersand (m\/w\/d)\" open_toggle_text_color=\"#007bb4\" open_toggle_background_color=\"#ffffff\" closed_toggle_text_color=\"#007bb4\" closed_toggle_background_color=\"#ffffff\" icon_color=\"#007bb4\" use_icon_font_size=\"on\" _builder_version=\"4.6.5\" title_text_color=\"#007bb4\" title_level=\"h2\" title_font=\"|||on|||||\" closed_title_font=\"|||on|||||\" body_font=\"Lato Regular||||||||\" custom_padding=\"|50px||50px|false|true\" hover_enabled=\"0\" custom_css_toggle_content=\"padding-top: 50px;||padding-bottom: 30px;\" box_shadow_style=\"preset1\" title_font_size_last_edited=\"on|phone\" sticky_enabled=\"0\" title_font_size_phone=\"22px\"]<\/p><p><strong>Wir betrauen Sie mit folgenden Aufgabenfeldern:<\/strong><\/p><ul><li>Auftragsbearbeitung und Auftragsabwicklung<\/li><li>Produzierte Artikel verpacken und einlagern<\/li><li>Betreuung unserer Export-Kunden<\/li><li>Koordination\u00a0und Beauftragung von Speditionsdienstleistungen<\/li><li>Erstellung\u00a0der Frachtpapiere f\u00fcr den nationalen\/internationalen Versand<\/li><\/ul><p><strong>Diese F\u00e4higkeiten bringen Sie mit:<\/strong><\/p><ul><li>Berufserfahrung in den o. g. Bereichen<\/li><li>Idealerweise Kenntnisse im Umgang mit ERP-Systemen<\/li><li>Sicherer Umgang mit MS Office Programmen<\/li><li>Sichere Englischkenntnisse in Wort und Schrift<\/li><li>Flexibilit\u00e4t und die Motivation, gro\u00dfen Einsatz zu zeigen<\/li><li>Eigenst\u00e4ndiges Arbeiten mit Verantwortungsbewusstsein und hohem Anspruch an die Qualit\u00e4t Ihrer Arbeit<\/li><li>K\u00f6rperliche Belastbarkeit<\/li><\/ul><p><strong>Das d\u00fcrfen Sie von uns erwarten:<\/strong><\/p><ul><li>Abwechslungsreiche Aufgaben<\/li><li>Ein pers\u00f6nliches, sympathisches Arbeitsumfeld<\/li><li>Freizeitausgleich bei geleisteten \u00dcberstunden<\/li><li>Flexibel gestaltbare Arbeitszeiten<\/li><\/ul><p>Haben wir Ihre Neugier geweckt? Dann melden Sie sich. Wir freuen uns auf Ihre Bewerbung (bevorzugt per E-Mail) an Herrn Ingo Wirth:<\/p><p><a href=\"mailto:bewerbung@hpwirth.com\">bewerbung@hpwirth.com<\/a><\/p><p><strong>H.P. Wirth GmbH<\/strong><br \/>z.Hd. Herrn Ingo Wirth<br \/>Weberstr. 46<br \/>75239 Eisingen<\/p><p>[\/et_pb_toggle][et_pb_toggle title=\"Aus\u00adbildung zum Werk\u00adzeug\u00admechaniker \u00ad(m\/w\/d)\" open_toggle_text_color=\"#007bb4\" open_toggle_background_color=\"#ffffff\" closed_toggle_text_color=\"#007bb4\" closed_toggle_background_color=\"#ffffff\" icon_color=\"#007bb4\" use_icon_font_size=\"on\" _builder_version=\"4.6.5\" title_text_color=\"#007bb4\" title_level=\"h2\" title_font=\"|||on|||||\" closed_title_font=\"|||on|||||\" body_font=\"Lato Regular||||||||\" custom_padding=\"|50px||50px|false|true\" hover_enabled=\"0\" custom_css_toggle_content=\"padding-top: 50px;||padding-bottom: 30px;\" box_shadow_style=\"preset1\" title_font_size_last_edited=\"on|phone\" sticky_enabled=\"0\" title_font_size_phone=\"22px\"]<\/p><p>Wir bilden dich in dreieinhalb Jahren Lehrzeit zum Werkzeugmechaniker aus. Dabei lernst du, wie die bei uns hergestellten Stanzwerkzeuge aufgebaut sind und wie sie benutzt werden. Unter Anleitung fertigst du \u00dcbungsst\u00fccke und Ersatzteile f\u00fcr Werkzeuge. Nach der abgeschlossenen Ausbildung kannst du bei uns weiter besch\u00e4ftigt werden und Weiterbildungsangebote nutzen.<\/p><p><strong>Diese F\u00e4higkeiten bringst du mit:<br \/><\/strong><\/p><ul><li>Freude am Umgang mit Technik<\/li><li>Auch die handwerkliche Seite des Berufs ist f\u00fcr dich spannend<\/li><li>Du besitzt handwerkliches Geschick und technisches Verst\u00e4ndnis, r\u00e4umliches Vorstellungsverm\u00f6gen und ein Auge f\u00fcr Details<\/li><li>Abgeschlossener Schulabschluss (Hauptschule oder h\u00f6her)<\/li><li>Zuverl\u00e4ssigkeit und Verantwortungsbewusstsein<\/li><\/ul><p><strong>Das bieten wir dir:<br \/><\/strong><\/p><ul><li>Ein abwechslungsreiches Aufgabengebiet mit moderner Ausstattung<\/li><li>Ein famili\u00e4res Arbeitsumfeld<\/li><li>Eine fundierte Ausbildung mit guten Zukunftsaussichten<\/li><li>Flexible Arbeitszeiten auch in der Ausbildung<\/li><li>Fort- und Weiterbildungsangebot<\/li><\/ul><p>\u00a0<\/p><p>Hast du Lust, diesen spannenden und herausfordernden Beruf zu erlernen? Dann freuen wir uns auf deine Bewerbung (bevorzugt per E-Mail) an Herrn Sven Krauter:<\/p><p><a href=\"mailto:bewerbung@hpwirth.com\">bewerbung@hpwirth.com<\/a><\/p><p><strong>H.P. Wirth GmbH<\/strong><br \/>z.Hd. Herrn Sven Krauter<br \/>Weberstr. 46<br \/>75239 Eisingen<\/p><p>[\/et_pb_toggle][\/et_pb_column][\/et_pb_row][\/et_pb_section]<\/p>","_et_gb_content_width":"","footnotes":""},"class_list":["post-3366","page","type-page","status-publish","hentry"],"acf":[],"_links":{"self":[{"href":"https:\/\/www.hpwirth.com\/en\/wp-json\/wp\/v2\/pages\/3366","targetHints":{"allow":["GET"]}}],"collection":[{"href":"https:\/\/www.hpwirth.com\/en\/wp-json\/wp\/v2\/pages"}],"about":[{"href":"https:\/\/www.hpwirth.com\/en\/wp-json\/wp\/v2\/types\/page"}],"author":[{"embeddable":true,"href":"https:\/\/www.hpwirth.com\/en\/wp-json\/wp\/v2\/users\/4"}],"replies":[{"embeddable":true,"href":"https:\/\/www.hpwirth.com\/en\/wp-json\/wp\/v2\/comments?post=3366"}],"version-history":[{"count":8,"href":"https:\/\/www.hpwirth.com\/en\/wp-json\/wp\/v2\/pages\/3366\/revisions"}],"predecessor-version":[{"id":4914,"href":"https:\/\/www.hpwirth.com\/en\/wp-json\/wp\/v2\/pages\/3366\/revisions\/4914"}],"wp:attachment":[{"href":"https:\/\/www.hpwirth.com\/en\/wp-json\/wp\/v2\/media?parent=3366"}],"curies":[{"name":"wp","href":"https:\/\/api.w.org\/{rel}","templated":true}]}}