{"id":3302,"date":"2021-02-09T10:30:51","date_gmt":"2021-02-09T09:30:51","guid":{"rendered":"https:\/\/www.hpwirth.com\/?page_id=3302"},"modified":"2021-02-16T21:38:07","modified_gmt":"2021-02-16T20:38:07","slug":"softsolders","status":"publish","type":"page","link":"https:\/\/www.hpwirth.com\/en\/softsolders\/","title":{"rendered":"Soft solders"},"content":{"rendered":"<p>[et_pb_section fb_built=&#8221;1&#8243; _builder_version=&#8221;4.3.4&#8243; background_image=&#8221;https:\/\/www.hpwirth.com\/wp-content\/uploads\/2020\/03\/HPWirth-Weichlote-Header.jpg&#8221; background_last_edited=&#8221;on|tablet&#8221; background_image_tablet=&#8221;https:\/\/www.hpwirth.com\/wp-content\/uploads\/2020\/03\/HPWirth-Weichlote-Header-Mobil.jpg&#8221; background_enable_image_tablet=&#8221;on&#8221;][et_pb_row column_structure=&#8221;2_5,3_5&#8243; _builder_version=&#8221;4.3.4&#8243; custom_margin=&#8221;||||false|false&#8221; custom_margin_tablet=&#8221;&#8221; custom_margin_phone=&#8221;||||false|false&#8221; custom_margin_last_edited=&#8221;on|tablet&#8221;][et_pb_column type=&#8221;2_5&#8243; _builder_version=&#8221;4.2.2&#8243;][\/et_pb_column][et_pb_column type=&#8221;3_5&#8243; _builder_version=&#8221;4.2.2&#8243;][et_pb_text _builder_version=&#8221;4.8.1&#8243; text_font=&#8221;Lato Regular|||on|||||&#8221; text_text_color=&#8221;#ffffff&#8221; text_font_size=&#8221;70px&#8221; text_line_height=&#8221;1.1em&#8221; custom_margin=&#8221;|||40px|false|false&#8221; custom_margin_tablet=&#8221;|||0px|false|false&#8221; custom_margin_phone=&#8221;|||0px|false|false&#8221; custom_margin_last_edited=&#8221;on|tablet&#8221; custom_padding=&#8221;20px|20px|20px|20px|true|true&#8221; animation_style=&#8221;slide&#8221; animation_direction=&#8221;bottom&#8221; text_font_size_tablet=&#8221;55px&#8221; text_font_size_phone=&#8221;45px&#8221; text_font_size_last_edited=&#8221;on|tablet&#8221; background_color_tablet=&#8221;rgba(0,123,180,0.8)&#8221; background_last_edited=&#8221;on|tablet&#8221; background_enable_color_tablet=&#8221;on&#8221;]<\/p>\n<p>Brazing alloys, soft solders and preforms<\/p>\n<p>[\/et_pb_text][\/et_pb_column][\/et_pb_row][\/et_pb_section][et_pb_section fb_built=&#8221;1&#8243; _builder_version=&#8221;4.2&#8243;][et_pb_row _builder_version=&#8221;4.2&#8243;][et_pb_column type=&#8221;4_4&#8243; _builder_version=&#8221;4.2&#8243;][et_pb_text _builder_version=&#8221;4.8.1&#8243;]<\/p>\n<h1>Soft solders<\/h1>\n<p>[\/et_pb_text][\/et_pb_column][\/et_pb_row][et_pb_row column_structure=&#8221;1_2,1_2&#8243; _builder_version=&#8221;4.2&#8243;][et_pb_column type=&#8221;1_2&#8243; _builder_version=&#8221;4.2&#8243;][et_pb_image src=&#8221;https:\/\/www.hpwirth.com\/wp-content\/uploads\/2020\/03\/HPWirth-Weichlote.jpg&#8221; _builder_version=&#8221;4.3.4&#8243;][\/et_pb_image][\/et_pb_column][et_pb_column type=&#8221;1_2&#8243; _builder_version=&#8221;4.2&#8243;][et_pb_text _builder_version=&#8221;4.8.1&#8243; hover_enabled=&#8221;0&#8243; sticky_enabled=&#8221;0&#8243;]<\/p>\n<p>We deliver the proper geometric form and alloy especially according to your requirements. In <a title=\"Link Fertigungsm\u00f6glichkeiten\" href=\"https:\/\/www.hpwirth.com\/en\/manufacturing-possibilities\/\"><strong>manufacturing possibilities, <\/strong><\/a>you find an extract from our product range or rather from the possible geometric shape which we can produce for you. Our potential in this field is almost unlimited and in accordance with our slogan WE CREATE SOLUTIONS we produce for your application the proper brazing preforms as well.<\/p>\n<p>[\/et_pb_text][et_pb_text _builder_version=&#8221;4.8.1&#8243;]<\/p>\n<p>We can offer you different alloys based on tin. If you cannot find the right alloy on our homepage, please contact us. Due to our large network of suppliers, we are also able to easily procure small quantities for you. It is also possible to manufacture the soft solders from a material filled with flux.<\/p>\n<p><a href=\"https:\/\/www.hpwirth.com\/en\/contact\/\">Contact us<\/a> \u2013 WE CREATE SOLUTIONS.<\/p>\n<p>[\/et_pb_text][\/et_pb_column][\/et_pb_row][\/et_pb_section][et_pb_section fb_built=&#8221;1&#8243; _builder_version=&#8221;4.3.4&#8243; custom_padding=&#8221;0px|||||&#8221;][et_pb_row _builder_version=&#8221;4.3.4&#8243; custom_padding=&#8221;|||0px||&#8221;][et_pb_column type=&#8221;4_4&#8243; _builder_version=&#8221;4.3.4&#8243;][et_pb_text _builder_version=&#8221;4.8.1&#8243; text_font_size=&#8221;14px&#8221; custom_padding=&#8221;|||0px||&#8221;]<\/p>\n<div class=\"wlt\">\n<table class=\"weichlote\" style=\"width: 892px;\">\n<thead>\n<tr>\n<td style=\"width: 121px;\" rowspan=\"2\">HPW-denomination<\/td>\n<td style=\"width: 119px;\" rowspan=\"2\">DIN EN 9453<\/td>\n<td style=\"width: 188.941px;\" rowspan=\"2\">DIN 3677<\/td>\n<td style=\"width: 10px;\" rowspan=\"2\">ISO 9453<\/td>\n<td style=\"width: 1228px;\" rowspan=\"2\">IEC 61190-1-3<\/td>\n<td style=\"width: 125px;\" colspan=\"4\">Compositions (per cent by weight)<\/td>\n<td style=\"width: 94px;\" colspan=\"2\">Temperature \u00b0C<\/td>\n<td style=\"width: 164px;\" rowspan=\"2\">Application<\/td>\n<td style=\"width: 164px;\" rowspan=\"2\">Data sheet<\/td>\n<\/tr>\n<tr>\n<td style=\"width: 10px;\">Sn<\/td>\n<td style=\"width: 34px;\">Pb<\/td>\n<td style=\"width: 27px;\">Cu<\/td>\n<td style=\"width: 54px;\">Ag<\/td>\n<td style=\"width: 11px;\">Solidus<\/td>\n<td style=\"width: 83px;\">Liquidus<\/td>\n<\/tr>\n<\/thead>\n<tbody>\n<tr>\n<td style=\"width: 121px;\">HPW-\u00a0 \u00a0 Sn97Ag3<\/td>\n<td style=\"width: 119px;\">Sn97Ag3<\/td>\n<td style=\"width: 188.941px;\">S-\u00a0 \u00a0 \u00a0 \u00a0 \u00a0 \u00a0 \u00a0 \u00a0 \u00a0 \u00a0 \u00a0 \u00a0 Sn97Ag3<\/td>\n<td style=\"width: 10px;\">702<\/td>\n<td style=\"width: 1228px;\">A30<\/td>\n<td style=\"width: 10px;\">Rest<\/td>\n<td style=\"width: 34px;\">&#8211;<\/td>\n<td style=\"width: 27px;\">&#8211;<\/td>\n<td style=\"width: 54px;\">3<\/td>\n<td style=\"width: 11px;\">221<\/td>\n<td style=\"width: 83px;\">224<\/td>\n<td style=\"width: 164px;\">Kupferrohrinstallation, K\u00e4lteindustrie<\/td>\n<td style=\"width: 164px;\"><a href=\"#\">Link<\/a><\/td>\n<\/tr>\n<tr>\n<td style=\"width: 121px;\">HPW-Sn96,5Ag3,5<\/td>\n<td style=\"width: 119px;\">Sn96,5Ag3,5<\/td>\n<td style=\"width: 188.941px;\">S-\u00a0 \u00a0 \u00a0 \u00a0 \u00a0 \u00a0 \u00a0 \u00a0 \u00a0 \u00a0 \u00a0 \u00a0 Sn96,5Ag3,5<\/td>\n<td style=\"width: 10px;\">703<\/td>\n<td style=\"width: 1228px;\">A35<\/td>\n<td style=\"width: 10px;\">Rest<\/td>\n<td style=\"width: 34px;\">&#8211;<\/td>\n<td style=\"width: 27px;\">&#8211;<\/td>\n<td style=\"width: 54px;\">3,5<\/td>\n<td style=\"width: 11px;\">221<\/td>\n<td style=\"width: 83px;\">Eutektikum<\/td>\n<td style=\"width: 164px;\">Kupferrohrinstallation, K\u00e4lteindustrie<\/td>\n<td style=\"width: 164px;\"><a href=\"#\">Link<\/a><\/td>\n<\/tr>\n<tr>\n<td style=\"width: 121px;\">HPW-Sn96,5Ag3Cu0,5<\/td>\n<td style=\"width: 119px;\">Sn96,5Ag3Cu0,5<\/td>\n<td style=\"width: 188.941px;\">S-Sn96,5Ag3Cu0,5<\/td>\n<td style=\"width: 10px;\">711<\/td>\n<td style=\"width: 1228px;\">A30C5<\/td>\n<td style=\"width: 10px;\">Rest<\/td>\n<td style=\"width: 34px;\">&#8211;<\/td>\n<td style=\"width: 27px;\">0,5<\/td>\n<td style=\"width: 54px;\">3<\/td>\n<td style=\"width: 11px;\">217<\/td>\n<td style=\"width: 83px;\">220<\/td>\n<td style=\"width: 164px;\">Kupferrohrinstallation, K\u00e4lteindustrie<\/td>\n<td style=\"width: 164px;\"><a href=\"#\">Link<\/a><\/td>\n<\/tr>\n<tr>\n<td style=\"width: 121px;\">HPW-\u00a0 \u00a0 Sn97Cu3<\/td>\n<td style=\"width: 119px;\">Sn97Cu3<\/td>\n<td style=\"width: 188.941px;\">S-\u00a0 \u00a0 \u00a0 \u00a0 \u00a0 \u00a0 \u00a0 \u00a0 \u00a0 \u00a0 \u00a0 \u00a0 Sn97Cu3<\/td>\n<td style=\"width: 10px;\">402<\/td>\n<td style=\"width: 1228px;\">C30<\/td>\n<td style=\"width: 10px;\">Rest<\/td>\n<td style=\"width: 34px;\">0,07<\/td>\n<td style=\"width: 27px;\">3<\/td>\n<td style=\"width: 54px;\">0,1<\/td>\n<td style=\"width: 11px;\">227<\/td>\n<td style=\"width: 83px;\">310<\/td>\n<td style=\"width: 164px;\">Kupferrohrinstallation, K\u00e4lteindustrie<\/td>\n<td style=\"width: 164px;\"><a href=\"#\">Link<\/a><\/td>\n<\/tr>\n<\/tbody>\n<\/table>\n<\/div>\n<p>[\/et_pb_text][\/et_pb_column][\/et_pb_row][\/et_pb_section]<\/p>\n","protected":false},"excerpt":{"rendered":"<p>Brazing alloys, soft solders and preformsSoft soldersWe deliver the proper geometric form and alloy especially according to your requirements. In manufacturing possibilities, you find an extract from our product range or rather from the possible geometric shape which we can produce for you. Our potential in this field is almost unlimited and in accordance with [&hellip;]<\/p>\n","protected":false},"author":4,"featured_media":0,"parent":0,"menu_order":0,"comment_status":"closed","ping_status":"closed","template":"","meta":{"_acf_changed":false,"_et_pb_use_builder":"on","_et_pb_old_content":"<p>[et_pb_section fb_built=\"1\" _builder_version=\"4.3.4\" background_image=\"https:\/\/www.hpwirth.com\/wp-content\/uploads\/2020\/03\/HPWirth-Weichlote-Header.jpg\" background_last_edited=\"on|tablet\" background_image_tablet=\"https:\/\/www.hpwirth.com\/wp-content\/uploads\/2020\/03\/HPWirth-Weichlote-Header-Mobil.jpg\" background_enable_image_tablet=\"on\"][et_pb_row column_structure=\"2_5,3_5\" _builder_version=\"4.3.4\" custom_margin=\"||||false|false\" custom_margin_tablet=\"\" custom_margin_phone=\"||||false|false\" custom_margin_last_edited=\"on|tablet\"][et_pb_column type=\"2_5\" _builder_version=\"4.2.2\"][\/et_pb_column][et_pb_column type=\"3_5\" _builder_version=\"4.2.2\"][et_pb_text _builder_version=\"4.3.4\" text_font=\"Lato Regular|||on|||||\" text_text_color=\"#ffffff\" text_font_size=\"70px\" text_line_height=\"1.1em\" custom_margin=\"|||40px|false|false\" custom_margin_tablet=\"|||0px|false|false\" custom_margin_phone=\"|||0px|false|false\" custom_margin_last_edited=\"on|tablet\" custom_padding=\"20px|20px|20px|20px|true|true\" animation_style=\"slide\" animation_direction=\"bottom\" text_font_size_tablet=\"55px\" text_font_size_phone=\"45px\" text_font_size_last_edited=\"on|tablet\" background_color_tablet=\"rgba(0,123,180,0.8)\" background_last_edited=\"on|tablet\" background_enable_color_tablet=\"on\"]<\/p><p>Lote,<br \/>Lotform\u00adteile<\/p><p>[\/et_pb_text][\/et_pb_column][\/et_pb_row][\/et_pb_section][et_pb_section fb_built=\"1\" _builder_version=\"4.2\"][et_pb_row _builder_version=\"4.2\"][et_pb_column type=\"4_4\" _builder_version=\"4.2\"][et_pb_text _builder_version=\"4.2.2\"]<\/p><h1>Weichlote<\/h1><p>[\/et_pb_text][\/et_pb_column][\/et_pb_row][et_pb_row column_structure=\"1_2,1_2\" _builder_version=\"4.2\"][et_pb_column type=\"1_2\" _builder_version=\"4.2\"][et_pb_image src=\"https:\/\/www.hpwirth.com\/wp-content\/uploads\/2020\/03\/HPWirth-Weichlote.jpg\" _builder_version=\"4.3.4\"][\/et_pb_image][\/et_pb_column][et_pb_column type=\"1_2\" _builder_version=\"4.2\"][et_pb_text _builder_version=\"4.5.1\"]<\/p><p>Speziell nach Ihren Anforderungen liefern wir die passende Geometrie und Legierung. Unter <a title=\"Link Fertigungsm\u00f6glichkeiten\" href=\"\/fertigungsmoeglichkeiten\/\">Fertigungsm\u00f6glichkeiten<\/a> finden Sie einen Auszug aus unserem Lieferspektrum bzw. aus den m\u00f6glichen Lotformteil\u00adgeometrien, welche wir f\u00fcr Sie fertigen k\u00f6nnen. Unsere M\u00f6glichkeiten sind hier nahezu unbegrenzt und getreu unserem Motto WE CREATE SOLUTIONS produzieren wir auch f\u00fcr Ihre Anwendung das passende Lotformteil.<\/p><p>[\/et_pb_text][et_pb_text _builder_version=\"4.5.1\"]<\/p><p>Wir k\u00f6nnen ihnen unterschiedliche Legierungen auf Zinnbasis anbieten. Sollten Sie die passende Legierung auf unserer Homepage nicht finden, treten Sie mit uns in Kontakt. Durch unser gro\u00dfes Lieferantennetz sind wir in der Lage Ihnen unkompliziert auch Kleinmengen zu beschaffen.<br \/>Es besteht zudem die M\u00f6glichkeit, die Weichlote aus flussmittelgef\u00fclltem Material herzustellen.<br \/><a title=\"Link Kontakt\" href=\"\/kontakt\/\">Sprechen Sie uns an<\/a> \u2013 WE CREATE SOLUTIONS.<\/p><p>[\/et_pb_text][\/et_pb_column][\/et_pb_row][\/et_pb_section][et_pb_section fb_built=\"1\" _builder_version=\"4.3.4\" custom_padding=\"0px|||||\"][et_pb_row _builder_version=\"4.3.4\" custom_padding=\"|||0px||\"][et_pb_column type=\"4_4\" _builder_version=\"4.3.4\"][et_pb_text _builder_version=\"4.6.5\" text_font_size=\"14px\" custom_padding=\"|||0px||\" hover_enabled=\"0\" sticky_enabled=\"0\"]<\/p><div class=\"wlt\"><table class=\"weichlote\" style=\"width: 892px;\"><thead><tr><td style=\"width: 121px;\" rowspan=\"2\">HPW-Bezeichnung<\/td><td style=\"width: 119px;\" rowspan=\"2\">DIN EN 9453<\/td><td style=\"width: 188.941px;\" rowspan=\"2\">DIN 3677<\/td><td style=\"width: 10px;\" rowspan=\"2\">ISO 9453<\/td><td style=\"width: 1228px;\" rowspan=\"2\">IEC 61190-1-3<\/td><td style=\"width: 125px;\" colspan=\"4\">Zusammensetzung (Massenanteil in %)<\/td><td style=\"width: 94px;\" colspan=\"2\">Temperatur \u00b0C<\/td><td style=\"width: 164px;\" rowspan=\"2\">Anwendung<\/td><td style=\"width: 164px;\" rowspan=\"2\">Datenblatt<\/td><\/tr><tr><td style=\"width: 10px;\">Sn<\/td><td style=\"width: 34px;\">Pb<\/td><td style=\"width: 27px;\">Cu<\/td><td style=\"width: 54px;\">Ag<\/td><td style=\"width: 11px;\">Solidus<\/td><td style=\"width: 83px;\">Liquidus<\/td><\/tr><\/thead><tbody><tr><td style=\"width: 121px;\">HPW-\u00a0 \u00a0 Sn97Ag3<\/td><td style=\"width: 119px;\">Sn97Ag3<\/td><td style=\"width: 188.941px;\">S-\u00a0 \u00a0 \u00a0 \u00a0 \u00a0 \u00a0 \u00a0 \u00a0 \u00a0 \u00a0 \u00a0 \u00a0 Sn97Ag3<\/td><td style=\"width: 10px;\">702<\/td><td style=\"width: 1228px;\">A30<\/td><td style=\"width: 10px;\">Rest<\/td><td style=\"width: 34px;\">-<\/td><td style=\"width: 27px;\">-<\/td><td style=\"width: 54px;\">3<\/td><td style=\"width: 11px;\">221<\/td><td style=\"width: 83px;\">224<\/td><td style=\"width: 164px;\">Kupferrohrinstallation, K\u00e4lteindustrie<\/td><td style=\"width: 164px;\"><a href=\"#\">Link<\/a><\/td><\/tr><tr><td style=\"width: 121px;\">HPW-Sn96,5Ag3,5<\/td><td style=\"width: 119px;\">Sn96,5Ag3,5<\/td><td style=\"width: 188.941px;\">S-\u00a0 \u00a0 \u00a0 \u00a0 \u00a0 \u00a0 \u00a0 \u00a0 \u00a0 \u00a0 \u00a0 \u00a0 Sn96,5Ag3,5<\/td><td style=\"width: 10px;\">703<\/td><td style=\"width: 1228px;\">A35<\/td><td style=\"width: 10px;\">Rest<\/td><td style=\"width: 34px;\">-<\/td><td style=\"width: 27px;\">-<\/td><td style=\"width: 54px;\">3,5<\/td><td style=\"width: 11px;\">221<\/td><td style=\"width: 83px;\">Eutektikum<\/td><td style=\"width: 164px;\">Kupferrohrinstallation, K\u00e4lteindustrie<\/td><td style=\"width: 164px;\"><a href=\"#\">Link<\/a><\/td><\/tr><tr><td style=\"width: 121px;\">HPW-Sn96,5Ag3Cu0,5<\/td><td style=\"width: 119px;\">Sn96,5Ag3Cu0,5<\/td><td style=\"width: 188.941px;\">S-Sn96,5Ag3Cu0,5<\/td><td style=\"width: 10px;\">711<\/td><td style=\"width: 1228px;\">A30C5<\/td><td style=\"width: 10px;\">Rest<\/td><td style=\"width: 34px;\">-<\/td><td style=\"width: 27px;\">0,5<\/td><td style=\"width: 54px;\">3<\/td><td style=\"width: 11px;\">217<\/td><td style=\"width: 83px;\">220<\/td><td style=\"width: 164px;\">Kupferrohrinstallation, K\u00e4lteindustrie<\/td><td style=\"width: 164px;\"><a href=\"#\">Link<\/a><\/td><\/tr><tr><td style=\"width: 121px;\">HPW-\u00a0 \u00a0 Sn97Cu3<\/td><td style=\"width: 119px;\">Sn97Cu3<\/td><td style=\"width: 188.941px;\">S-\u00a0 \u00a0 \u00a0 \u00a0 \u00a0 \u00a0 \u00a0 \u00a0 \u00a0 \u00a0 \u00a0 \u00a0 Sn97Cu3<\/td><td style=\"width: 10px;\">402<\/td><td style=\"width: 1228px;\">C30<\/td><td style=\"width: 10px;\">Rest<\/td><td style=\"width: 34px;\">0,07<\/td><td style=\"width: 27px;\">3<\/td><td style=\"width: 54px;\">0,1<\/td><td style=\"width: 11px;\">227<\/td><td style=\"width: 83px;\">310<\/td><td style=\"width: 164px;\">Kupferrohrinstallation, K\u00e4lteindustrie<\/td><td style=\"width: 164px;\"><a href=\"#\">Link<\/a><\/td><\/tr><\/tbody><\/table><\/div><p>[\/et_pb_text][\/et_pb_column][\/et_pb_row][\/et_pb_section]<\/p>","_et_gb_content_width":"","footnotes":""},"class_list":["post-3302","page","type-page","status-publish","hentry"],"acf":[],"_links":{"self":[{"href":"https:\/\/www.hpwirth.com\/en\/wp-json\/wp\/v2\/pages\/3302","targetHints":{"allow":["GET"]}}],"collection":[{"href":"https:\/\/www.hpwirth.com\/en\/wp-json\/wp\/v2\/pages"}],"about":[{"href":"https:\/\/www.hpwirth.com\/en\/wp-json\/wp\/v2\/types\/page"}],"author":[{"embeddable":true,"href":"https:\/\/www.hpwirth.com\/en\/wp-json\/wp\/v2\/users\/4"}],"replies":[{"embeddable":true,"href":"https:\/\/www.hpwirth.com\/en\/wp-json\/wp\/v2\/comments?post=3302"}],"version-history":[{"count":8,"href":"https:\/\/www.hpwirth.com\/en\/wp-json\/wp\/v2\/pages\/3302\/revisions"}],"predecessor-version":[{"id":3559,"href":"https:\/\/www.hpwirth.com\/en\/wp-json\/wp\/v2\/pages\/3302\/revisions\/3559"}],"wp:attachment":[{"href":"https:\/\/www.hpwirth.com\/en\/wp-json\/wp\/v2\/media?parent=3302"}],"curies":[{"name":"wp","href":"https:\/\/api.w.org\/{rel}","templated":true}]}}