{"id":3266,"date":"2021-02-04T11:20:32","date_gmt":"2021-02-04T10:20:32","guid":{"rendered":"https:\/\/www.hpwirth.com\/?page_id=3266"},"modified":"2021-02-16T20:48:53","modified_gmt":"2021-02-16T19:48:53","slug":"environment","status":"publish","type":"page","link":"https:\/\/www.hpwirth.com\/en\/environment\/","title":{"rendered":"Environment"},"content":{"rendered":"<p>[et_pb_section fb_built=&#8221;1&#8243; _builder_version=&#8221;4.3.4&#8243; background_image=&#8221;https:\/\/www.hpwirth.com\/wp-content\/uploads\/2020\/01\/HPWirth-Unternehmen_1920x450-3.jpg&#8221; background_position=&#8221;center_left&#8221; max_height=&#8221;450px&#8221; custom_padding=&#8221;90px||90px|||&#8221; background_last_edited=&#8221;on|tablet&#8221; background_image_tablet=&#8221;https:\/\/www.hpwirth.com\/wp-content\/uploads\/2020\/01\/HPWirth-Unternehmen_1920x450_ohne_Blau-2.jpg&#8221; background_enable_image_tablet=&#8221;on&#8221; background_position_tablet=&#8221;center_right&#8221; saved_tabs=&#8221;all&#8221;][et_pb_row _builder_version=&#8221;3.26.3&#8243;][et_pb_column type=&#8221;4_4&#8243; _builder_version=&#8221;3.26.3&#8243;][et_pb_text _builder_version=&#8221;4.8.1&#8243; text_font=&#8221;|||on|||||&#8221; text_text_color=&#8221;#ffffff&#8221; text_font_size=&#8221;70px&#8221; text_line_height=&#8221;1.1em&#8221; header_font=&#8221;|||on|||||&#8221; header_text_color=&#8221;#ffffff&#8221; header_font_size=&#8221;70px&#8221; custom_padding_tablet=&#8221;20px|20px|20px|20px|true|true&#8221; custom_padding_phone=&#8221;&#8221; custom_padding_last_edited=&#8221;on|phone&#8221; animation_style=&#8221;slide&#8221; animation_direction=&#8221;bottom&#8221; text_font_size_tablet=&#8221;&#8221; text_font_size_phone=&#8221;30px&#8221; text_font_size_last_edited=&#8221;on|phone&#8221; header_text_color_tablet=&#8221;&#8221; header_text_color_phone=&#8221;&#8221; header_text_color_last_edited=&#8221;on|tablet&#8221; header_font_size_tablet=&#8221;46px&#8221; header_font_size_phone=&#8221;30px&#8221; header_font_size_last_edited=&#8221;on|desktop&#8221; background_color_tablet=&#8221;rgba(0,123,180,0.8)&#8221; background_last_edited=&#8221;on|tablet&#8221; background_enable_color_tablet=&#8221;on&#8221;]<\/p>\n<p><strong>Our<\/strong><br \/><b>Company<\/b><\/p>\n<p>[\/et_pb_text][\/et_pb_column][\/et_pb_row][\/et_pb_section][et_pb_section fb_built=&#8221;1&#8243; _builder_version=&#8221;4.0.11&#8243;][et_pb_row _builder_version=&#8221;4.0.11&#8243;][et_pb_column type=&#8221;4_4&#8243; _builder_version=&#8221;4.0.11&#8243;][et_pb_text _builder_version=&#8221;4.8.1&#8243;]<\/p>\n<h1>Environment<\/h1>\n<p>[\/et_pb_text][\/et_pb_column][\/et_pb_row][et_pb_row _builder_version=&#8221;4.0.11&#8243;][et_pb_column type=&#8221;4_4&#8243; _builder_version=&#8221;4.0.11&#8243;][et_pb_text _builder_version=&#8221;4.8.1&#8243;]<\/p>\n<h1>Environmental management<\/h1>\n<p>[\/et_pb_text][\/et_pb_column][\/et_pb_row][et_pb_row column_structure=&#8221;2_5,3_5&#8243; _builder_version=&#8221;4.0.11&#8243; custom_padding=&#8221;0px|||||&#8221;][et_pb_column type=&#8221;2_5&#8243; _builder_version=&#8221;4.0.11&#8243;][et_pb_image src=&#8221;https:\/\/www.hpwirth.com\/wp-content\/uploads\/2020\/07\/HPWirth-Umwelt_blau.png&#8221; title_text=&#8221;HPWirth-Umwelt_blau&#8221; _builder_version=&#8221;4.6.1&#8243; transform_translate=&#8221;2px|-9px&#8221; custom_margin=&#8221;||0px|||&#8221;][\/et_pb_image][\/et_pb_column][et_pb_column type=&#8221;3_5&#8243; _builder_version=&#8221;4.0.11&#8243;][et_pb_text _builder_version=&#8221;4.8.1&#8243; hover_enabled=&#8221;0&#8243; sticky_enabled=&#8221;0&#8243;]<\/p>\n<p>We are aware of our ecological responsibility in the area of \u200b\u200bsustainability. Since compliance with environmental laws is only the first step towards an economic and ecological balance, we not only consider the legal requirements for compliance with environmental protection, but go one step further. In order to continuously increase the efficiency of the raw materials used and to create deep environmental awareness, our company is certified according to <strong>DIN EN ISO 14001: 2015. <\/strong>This standard assumes that an efficient environmental management system has been implemented in the company and causes continuous improvement in the area of \u200b\u200benvironmental protection and the handling of the environment.<\/p>\n<p>We have managed to minimize the burden on the environment and always pay attention to the best possible environmental compatibility in all processes and the operating materials used.<\/p>\n<p>The new company premises were also built according to the latest energy-saving concepts: the best possible insulation of the building, use of renewable raw materials and the use of resource-saving equipment.<\/p>\n<p>&nbsp;<\/p>\n<p><a href=\"https:\/\/www.hpwirth.com\/en\/downloads\/\">You can find the certification in Downloads.<\/a><\/p>\n<p>[\/et_pb_text][\/et_pb_column][\/et_pb_row][\/et_pb_section][et_pb_section fb_built=&#8221;1&#8243; _builder_version=&#8221;4.1&#8243;][et_pb_row _builder_version=&#8221;4.0.11&#8243;][et_pb_column type=&#8221;4_4&#8243; _builder_version=&#8221;4.0.11&#8243;][et_pb_text _builder_version=&#8221;4.8.1&#8243;]<\/p>\n<h1>Environmental policy<\/h1>\n<p>[\/et_pb_text][\/et_pb_column][\/et_pb_row][et_pb_row column_structure=&#8221;3_5,2_5&#8243; _builder_version=&#8221;4.0.11&#8243; custom_padding=&#8221;0px|||||&#8221;][et_pb_column type=&#8221;3_5&#8243; _builder_version=&#8221;4.0.11&#8243;][et_pb_text _builder_version=&#8221;4.8.1&#8243;]<\/p>\n<p>We see it as our duty to contribute to the ecological balance through our daily actions. Because of this, the H.P. Wirth GmbH has been certified according to the international standard <strong>DIN ISO 14001<\/strong>. This standard assumes that a functioning environmental management system has been implemented in the company and causes continuous improvement in the area of \u200b\u200benvironmental protection and the future handling of the environment.<\/p>\n<p><strong>Energy<\/strong><\/p>\n<p>The new premises of the H.P. Wirth GmbH were built according to the latest energy saving concepts: The best possible insulation of the building, use of renewable raw materials and the use of resource-saving equipment.<\/p>\n<p><strong>Security<\/strong><\/p>\n<p>It is our goal to prevent personal injury, property damage and environmental damage and to ensure safe everyday work in all areas. This means that all operating instructions and safety data sheets are kept up to date and can be viewed at all locations. We provide adequate accommodation for hazardous substances and are constantly optimizing our processes in order to create a safe working environment. Therefore, instruction of our employees and regular training courses are essential for us.<\/p>\n<p><strong>Certifications<\/strong><\/p>\n<p>Through constant improvement and further development, we can meet the quality requirements of our customers. Intertek Certification GmbH regularly checks all important processes in our company and certifies them.<\/p>\n<p>[\/et_pb_text][\/et_pb_column][et_pb_column type=&#8221;2_5&#8243; _builder_version=&#8221;4.0.11&#8243;][et_pb_image src=&#8221;https:\/\/www.hpwirth.com\/wp-content\/uploads\/2020\/10\/HPWirth_Environment_Triforce.png&#8221; alt=&#8221;HPWirth Umwelt Triforce&#8221; title_text=&#8221;HPWirth_Environment_Triforce&#8221; _builder_version=&#8221;4.8.1&#8243;][\/et_pb_image][\/et_pb_column][\/et_pb_row][\/et_pb_section]<\/p>\n","protected":false},"excerpt":{"rendered":"<p>OurCompanyEnvironmentEnvironmental managementWe are aware of our ecological responsibility in the area of \u200b\u200bsustainability. Since compliance with environmental laws is only the first step towards an economic and ecological balance, we not only consider the legal requirements for compliance with environmental protection, but go one step further. In order to continuously increase the efficiency of the [&hellip;]<\/p>\n","protected":false},"author":4,"featured_media":0,"parent":0,"menu_order":0,"comment_status":"closed","ping_status":"closed","template":"","meta":{"_acf_changed":false,"_et_pb_use_builder":"on","_et_pb_old_content":"<p>[et_pb_section fb_built=\"1\" _builder_version=\"4.3.4\" background_image=\"https:\/\/www.hpwirth.com\/wp-content\/uploads\/2020\/01\/HPWirth-Unternehmen_1920x450-3.jpg\" background_position=\"center_left\" max_height=\"450px\" custom_padding=\"90px||90px|||\" background_last_edited=\"on|tablet\" background_image_tablet=\"https:\/\/www.hpwirth.com\/wp-content\/uploads\/2020\/01\/HPWirth-Unternehmen_1920x450_ohne_Blau-2.jpg\" background_enable_image_tablet=\"on\" background_position_tablet=\"center_right\" global_module=\"1932\" saved_tabs=\"all\"][et_pb_row _builder_version=\"3.26.3\"][et_pb_column type=\"4_4\" _builder_version=\"3.26.3\"][et_pb_text _builder_version=\"4.3.4\" text_font=\"|||on|||||\" text_text_color=\"#ffffff\" text_font_size=\"70px\" text_line_height=\"1.1em\" header_font=\"|||on|||||\" header_text_color=\"#ffffff\" header_font_size=\"70px\" custom_padding_tablet=\"20px|20px|20px|20px|true|true\" custom_padding_phone=\"\" custom_padding_last_edited=\"on|phone\" animation_style=\"slide\" animation_direction=\"bottom\" text_font_size_tablet=\"\" text_font_size_phone=\"30px\" text_font_size_last_edited=\"on|phone\" header_text_color_tablet=\"\" header_text_color_phone=\"\" header_text_color_last_edited=\"on|tablet\" header_font_size_tablet=\"46px\" header_font_size_phone=\"30px\" header_font_size_last_edited=\"on|desktop\" background_color_tablet=\"rgba(0,123,180,0.8)\" background_last_edited=\"on|tablet\" background_enable_color_tablet=\"on\"]<\/p><p><strong>Unser<\/strong><br \/><strong> Unternehmen<\/strong><\/p><p>[\/et_pb_text][\/et_pb_column][\/et_pb_row][\/et_pb_section][et_pb_section fb_built=\"1\" _builder_version=\"4.0.11\"][et_pb_row _builder_version=\"4.0.11\"][et_pb_column type=\"4_4\" _builder_version=\"4.0.11\"][et_pb_text _builder_version=\"4.0.11\"]<\/p><h1>Umwelt<\/h1><p>[\/et_pb_text][\/et_pb_column][\/et_pb_row][et_pb_row _builder_version=\"4.0.11\"][et_pb_column type=\"4_4\" _builder_version=\"4.0.11\"][et_pb_text _builder_version=\"4.0.11\"]<\/p><h2>Umweltmanagement<\/h2><p>[\/et_pb_text][\/et_pb_column][\/et_pb_row][et_pb_row column_structure=\"2_5,3_5\" _builder_version=\"4.0.11\" custom_padding=\"0px|||||\"][et_pb_column type=\"2_5\" _builder_version=\"4.0.11\"][et_pb_image src=\"https:\/\/www.hpwirth.com\/wp-content\/uploads\/2020\/07\/HPWirth-Umwelt_blau.png\" title_text=\"HPWirth-Umwelt_blau\" _builder_version=\"4.6.1\" transform_translate=\"2px|-9px\" custom_margin=\"||0px|||\"][\/et_pb_image][\/et_pb_column][et_pb_column type=\"3_5\" _builder_version=\"4.0.11\"][et_pb_text _builder_version=\"4.6.5\"]<\/p><p>Wir sind uns unserer \u00f6kologischen Verantwortung im Bereich der Nachhaltigkeit bewusst. Da die Einhaltung von Umweltgesetzen blo\u00df der erste Schritt zu einem \u00f6konomischen und \u00f6kologischen Gleichgewicht ist, ber\u00fccksichtigen wir nicht nur die gesetzlichen Vorschriften zur Einhaltung des Umweltschutzes, sondern gehen noch einen Schritt weiter. Zur kontinuierlichen Effizienzsteigerung der eingesetzten Rohstoffe und zur Schaffung eines tiefen Umweltbewusstseins, ist unser Betrieb nach <strong>DIN EN ISO 14001:2015<\/strong> zertifiziert. Diese Norm setzt voraus, dass ein funktionierendes Umweltmanagementsystem im Unternehmen implementiert wurde und bewirkt eine kontinuierliche Verbesserung im Bereich Umweltschutz und dem Umgang mit der Umwelt.<\/p><p>Wir haben es geschafft die Belastung f\u00fcr die Umwelt zu minimieren und achten bei allen Prozessen sowie bei den eingesetzten Betriebsstoffen stets auf bestm\u00f6gliche Umweltvertr\u00e4glichkeit.<\/p><p>Auch die neuen Firmenr\u00e4umlichkeiten wurden nach neuesten Energiesparkonzepten gebaut: Bestm\u00f6glichste Isolation der Geb\u00e4ude, Verwendung nachwachsender Rohstoffe und der Einsatz von ressourcensparenden Betriebsmitteln.<\/p><p>\u00a0<\/p><p><a href=\"https:\/\/www.hpwirth.com\/downloads\/\">Die Zertifizierung finden Sie unter Downloads.<\/a><\/p><p>[\/et_pb_text][\/et_pb_column][\/et_pb_row][\/et_pb_section][et_pb_section fb_built=\"1\" _builder_version=\"4.1\"][et_pb_row _builder_version=\"4.0.11\"][et_pb_column type=\"4_4\" _builder_version=\"4.0.11\"][et_pb_text _builder_version=\"4.0.11\"]<\/p><h2>Umweltpolitik<\/h2><p>[\/et_pb_text][\/et_pb_column][\/et_pb_row][et_pb_row column_structure=\"3_5,2_5\" _builder_version=\"4.0.11\" custom_padding=\"0px|||||\"][et_pb_column type=\"3_5\" _builder_version=\"4.0.11\"][et_pb_text _builder_version=\"4.6.5\"]<\/p><p>Wir sehen es als unsere Pflicht an, durch unser t\u00e4gliches Handeln einen Beitrag zum \u00f6kologischen Gleichgewicht zu leisten. Aufgrund dessen hat sich die H.P. Wirth GmbH nach der internationalen Norm<strong> DIN ISO 14001<\/strong> zertifizieren lassen. Diese Norm setzt voraus, dass ein funktionierendes Umweltmanagementsystem im Unternehmen implementiert wurde und bewirkt eine kontinuierliche Verbesserung im Bereich Umweltschutz und dem zuk\u00fcnftigen Umgang mit der Umwelt.<\/p><p><strong>Energie<\/strong><br \/>Die neuen R\u00e4umlichkeiten der H.P. Wirth GmbH wurden nach neuesten Energiesparkonzepten gebaut: Bestm\u00f6gliche Isolation der Geb\u00e4ude, Verwendung nachwachsender Rohstoffe und der Einsatz von ressourcensparenden Betriebsmitteln.<\/p><p><strong>Sicherheit<\/strong><br \/>Unser Ziel ist es, Personen-, Sach- und Umweltsch\u00e4den zu verhindern und einen sicheren Arbeitsalltag in allen Bereichen zu gew\u00e4hrleisten.<br \/>Somit werden alle Betriebsanweisungen und Sicherheitsdatenbl\u00e4tter aktuell gehalten und sind an allen Nutzungsorten einzusehen. Wir stellen angemessene Unterbringungsm\u00f6glichkeiten f\u00fcr Gefahrstoffe zur Verf\u00fcgung und optimieren stetig unsere Prozesse, um ein sicheres Arbeitsumfeld zu schaffen. Daher sind eine Einweisung unserer Mitarbeiter sowie regelm\u00e4\u00dfige Schulungen f\u00fcr uns unabdingbar.<\/p><p><strong>Zertifizierungen<\/strong><br \/>Durch stetige Verbesserung und Weiterentwicklung k\u00f6nnen wir den Qualit\u00e4tsanspr\u00fcchen unserer Kunden gerecht werden.<br \/>Die Intertek Certification GmbH pr\u00fcft regelm\u00e4\u00dfig alle wichtigen Prozesse unseres Unternehmens und zertifiziert diese.<\/p><p>[\/et_pb_text][\/et_pb_column][et_pb_column type=\"2_5\" _builder_version=\"4.0.11\"][et_pb_image src=\"https:\/\/www.hpwirth.com\/wp-content\/uploads\/2020\/10\/HPWirth_Umwelt_Triforce.png\" _builder_version=\"4.6.5\" hover_enabled=\"0\" alt=\"HPWirth Umwelt Triforce\" title_text=\"HPWirth_Umwelt_Triforce\" sticky_enabled=\"0\"][\/et_pb_image][\/et_pb_column][\/et_pb_row][\/et_pb_section]<\/p>","_et_gb_content_width":"","footnotes":""},"class_list":["post-3266","page","type-page","status-publish","hentry"],"acf":[],"_links":{"self":[{"href":"https:\/\/www.hpwirth.com\/en\/wp-json\/wp\/v2\/pages\/3266","targetHints":{"allow":["GET"]}}],"collection":[{"href":"https:\/\/www.hpwirth.com\/en\/wp-json\/wp\/v2\/pages"}],"about":[{"href":"https:\/\/www.hpwirth.com\/en\/wp-json\/wp\/v2\/types\/page"}],"author":[{"embeddable":true,"href":"https:\/\/www.hpwirth.com\/en\/wp-json\/wp\/v2\/users\/4"}],"replies":[{"embeddable":true,"href":"https:\/\/www.hpwirth.com\/en\/wp-json\/wp\/v2\/comments?post=3266"}],"version-history":[{"count":8,"href":"https:\/\/www.hpwirth.com\/en\/wp-json\/wp\/v2\/pages\/3266\/revisions"}],"predecessor-version":[{"id":3545,"href":"https:\/\/www.hpwirth.com\/en\/wp-json\/wp\/v2\/pages\/3266\/revisions\/3545"}],"wp:attachment":[{"href":"https:\/\/www.hpwirth.com\/en\/wp-json\/wp\/v2\/media?parent=3266"}],"curies":[{"name":"wp","href":"https:\/\/api.w.org\/{rel}","templated":true}]}}