{"id":3257,"date":"2021-02-04T11:15:23","date_gmt":"2021-02-04T10:15:23","guid":{"rendered":"https:\/\/www.hpwirth.com\/?page_id=3257"},"modified":"2026-01-13T13:17:46","modified_gmt":"2026-01-13T12:17:46","slug":"quality","status":"publish","type":"page","link":"https:\/\/www.hpwirth.com\/en\/quality\/","title":{"rendered":"Quality"},"content":{"rendered":"<p>[et_pb_section fb_built=&#8221;1&#8243; _builder_version=&#8221;4.16&#8243; background_image=&#8221;https:\/\/www.hpwirth.com\/wp-content\/uploads\/2020\/01\/HPWirth-Unternehmen_1920x450-3.jpg&#8221; background_position=&#8221;center_left&#8221; max_height=&#8221;450px&#8221; custom_padding=&#8221;90px||90px|||&#8221; background_last_edited=&#8221;on|tablet&#8221; background_image_tablet=&#8221;https:\/\/www.hpwirth.com\/wp-content\/uploads\/2020\/01\/HPWirth-Unternehmen_1920x450_ohne_Blau-2.jpg&#8221; background_enable_image_tablet=&#8221;on&#8221; background_position_tablet=&#8221;center_right&#8221; saved_tabs=&#8221;all&#8221; global_colors_info=&#8221;{}&#8221;][et_pb_row _builder_version=&#8221;4.16&#8243; global_colors_info=&#8221;{}&#8221;][et_pb_column type=&#8221;4_4&#8243; _builder_version=&#8221;4.16&#8243; global_colors_info=&#8221;{}&#8221;][et_pb_text _builder_version=&#8221;4.16&#8243; text_font=&#8221;|||on|||||&#8221; text_text_color=&#8221;#ffffff&#8221; text_font_size=&#8221;70px&#8221; text_line_height=&#8221;1.1em&#8221; header_font=&#8221;|||on|||||&#8221; header_text_color=&#8221;#ffffff&#8221; header_font_size=&#8221;70px&#8221; custom_padding_tablet=&#8221;20px|20px|20px|20px|true|true&#8221; custom_padding_phone=&#8221;&#8221; custom_padding_last_edited=&#8221;on|phone&#8221; animation_style=&#8221;slide&#8221; animation_direction=&#8221;bottom&#8221; text_font_size_tablet=&#8221;&#8221; text_font_size_phone=&#8221;30px&#8221; text_font_size_last_edited=&#8221;on|phone&#8221; header_text_color_tablet=&#8221;&#8221; header_text_color_phone=&#8221;&#8221; header_text_color_last_edited=&#8221;on|tablet&#8221; header_font_size_tablet=&#8221;46px&#8221; header_font_size_phone=&#8221;30px&#8221; header_font_size_last_edited=&#8221;on|desktop&#8221; background_color_tablet=&#8221;rgba(0,123,180,0.8)&#8221; background_last_edited=&#8221;on|tablet&#8221; background_enable_color_tablet=&#8221;on&#8221; global_colors_info=&#8221;{}&#8221;]<\/p>\n<p><strong>Our<\/strong><br \/><b>Company<\/b><\/p>\n<p>[\/et_pb_text][\/et_pb_column][\/et_pb_row][\/et_pb_section][et_pb_section fb_built=&#8221;1&#8243; _builder_version=&#8221;4.16&#8243; global_colors_info=&#8221;{}&#8221;][et_pb_row _builder_version=&#8221;4.16&#8243; global_colors_info=&#8221;{}&#8221;][et_pb_column type=&#8221;4_4&#8243; _builder_version=&#8221;4.16&#8243; global_colors_info=&#8221;{}&#8221;][et_pb_text _builder_version=&#8221;4.16&#8243; global_colors_info=&#8221;{}&#8221;]<\/p>\n<h1>Quality<\/h1>\n<p>[\/et_pb_text][\/et_pb_column][\/et_pb_row][et_pb_row column_structure=&#8221;2_5,3_5&#8243; _builder_version=&#8221;4.16&#8243; global_colors_info=&#8221;{}&#8221;][et_pb_column type=&#8221;2_5&#8243; _builder_version=&#8221;4.16&#8243; global_colors_info=&#8221;{}&#8221;][et_pb_image src=&#8221;https:\/\/www.hpwirth.com\/wp-content\/uploads\/2020\/01\/HPWirth-Unternehmen-Qualitaet_4h.jpg&#8221; _builder_version=&#8221;4.16&#8243; custom_margin=&#8221;||7px|||&#8221; border_radii=&#8221;on|200px|200px|200px|200px&#8221; global_colors_info=&#8221;{}&#8221;][\/et_pb_image][\/et_pb_column][et_pb_column type=&#8221;3_5&#8243; _builder_version=&#8221;4.16&#8243; global_colors_info=&#8221;{}&#8221;][et_pb_text _builder_version=&#8221;4.27.4&#8243; hover_enabled=&#8221;0&#8243; global_colors_info=&#8221;{}&#8221; sticky_enabled=&#8221;0&#8243;]<\/p>\n<p>We aren\u2019t satisfied by just being <strong>DIN EN ISO 9001:2015<\/strong> certified. To guarantee a constant high quality, we start with the assurance of the semi-manufactured products, that we produce by ourselves especially for sophisticated items and end up in the latest measurement and monitoring devices to make it easier for you to operate our products. In the soldering process in particular, it is not only the alloy components that are decisive for high process reliability, but also the surface cleanliness of the products. We guarantee this with our own degreasing system with modified alcohol.<\/p>\n<p>In order to meet the expectations of our customers and to be able to deliver consistently high quality, we rely on qualified employees, proven quality assurance methods and the most modern test systems.<\/p>\n<p>Through constant improvement and further development, we can meet the quality requirements of our customers. We regularly review all important processes of our company and have them certified.<\/p>\n<p>See for yourself!<\/p>\n<p>&nbsp;<\/p>\n<p><a href=\"https:\/\/www.hpwirth.com\/en\/downloads\/\">You can find the certification in Downloads.<\/a><\/p>\n<p>[\/et_pb_text][\/et_pb_column][\/et_pb_row][\/et_pb_section]<\/p>\n","protected":false},"excerpt":{"rendered":"<p>OurCompanyQualityWe aren\u2019t satisfied by just being DIN EN ISO 9001:2015 certified. To guarantee a constant high quality, we start with the assurance of the semi-manufactured products, that we produce by ourselves especially for sophisticated items and end up in the latest measurement and monitoring devices to make it easier for you to operate our products. [&hellip;]<\/p>\n","protected":false},"author":4,"featured_media":0,"parent":0,"menu_order":0,"comment_status":"closed","ping_status":"closed","template":"","meta":{"_acf_changed":false,"_et_pb_use_builder":"on","_et_pb_old_content":"<p>[et_pb_section fb_built=\"1\" _builder_version=\"4.3.4\" background_image=\"https:\/\/www.hpwirth.com\/wp-content\/uploads\/2020\/01\/HPWirth-Unternehmen_1920x450-3.jpg\" background_position=\"center_left\" max_height=\"450px\" custom_padding=\"90px||90px|||\" background_last_edited=\"on|tablet\" background_image_tablet=\"https:\/\/www.hpwirth.com\/wp-content\/uploads\/2020\/01\/HPWirth-Unternehmen_1920x450_ohne_Blau-2.jpg\" background_enable_image_tablet=\"on\" background_position_tablet=\"center_right\" global_module=\"1932\" saved_tabs=\"all\"][et_pb_row _builder_version=\"3.26.3\"][et_pb_column type=\"4_4\" _builder_version=\"3.26.3\"][et_pb_text _builder_version=\"4.3.4\" text_font=\"|||on|||||\" text_text_color=\"#ffffff\" text_font_size=\"70px\" text_line_height=\"1.1em\" header_font=\"|||on|||||\" header_text_color=\"#ffffff\" header_font_size=\"70px\" custom_padding_tablet=\"20px|20px|20px|20px|true|true\" custom_padding_phone=\"\" custom_padding_last_edited=\"on|phone\" animation_style=\"slide\" animation_direction=\"bottom\" text_font_size_tablet=\"\" text_font_size_phone=\"30px\" text_font_size_last_edited=\"on|phone\" header_text_color_tablet=\"\" header_text_color_phone=\"\" header_text_color_last_edited=\"on|tablet\" header_font_size_tablet=\"46px\" header_font_size_phone=\"30px\" header_font_size_last_edited=\"on|desktop\" background_color_tablet=\"rgba(0,123,180,0.8)\" background_last_edited=\"on|tablet\" background_enable_color_tablet=\"on\"]<\/p><p><strong>Unser<\/strong><br \/><strong> Unternehmen<\/strong><\/p><p>[\/et_pb_text][\/et_pb_column][\/et_pb_row][\/et_pb_section][et_pb_section fb_built=\"1\" _builder_version=\"4.0.5\"][et_pb_row _builder_version=\"4.0.5\"][et_pb_column type=\"4_4\" _builder_version=\"4.0.5\"][et_pb_text _builder_version=\"4.0.5\"]<\/p><h1>Qualit\u00e4t<\/h1><p>[\/et_pb_text][\/et_pb_column][\/et_pb_row][et_pb_row column_structure=\"2_5,3_5\" _builder_version=\"4.0.9\"][et_pb_column type=\"2_5\" _builder_version=\"4.0.9\"][et_pb_image src=\"https:\/\/www.hpwirth.com\/wp-content\/uploads\/2020\/01\/HPWirth-Unternehmen-Qualitaet_4h.jpg\" _builder_version=\"4.6.1\" custom_margin=\"||7px|||\" border_radii=\"on|200px|200px|200px|200px\"][\/et_pb_image][\/et_pb_column][et_pb_column type=\"3_5\" _builder_version=\"4.0.9\"][et_pb_text _builder_version=\"4.6.5\" hover_enabled=\"0\" sticky_enabled=\"0\"]<\/p><p>Uns gen\u00fcgt es nicht, nach dem Qualit\u00e4tsmanagementsystem der <strong>DIN EN ISO 9001:2015<\/strong> zertifiziert zu sein. Um Ihnen eine gleichbleibend hohe Qualit\u00e4t zu garantieren, beginnen wir bereits mit der Sicherstellung der Qualit\u00e4t des Halbzeuges, das wir speziell bei anspruchsvollen Produkten selbst fertigen, und enden bei modernsten Messmitteln, um Ihnen die Arbeit mit unseren Produkten zu erleichtern. Gerade beim L\u00f6tprozess sind f\u00fcr eine hohe Prozesssicherheit nicht nur die Legierungsbestandteile ausschlaggebend, sondern auch insbesondere die Oberfl\u00e4chenreinheit der Produkte. Dies gew\u00e4hrleisten wir durch unsere eigene Entfettungsanlage mit modifiziertem Alkohol.<br \/>Um den Erwartungen unserer Kunden gerecht zu werden und eine gleichbleibend hohe Qualit\u00e4t liefern zu k\u00f6nnen, setzen wir auf qualifizierte Mitarbeiter, bew\u00e4hrte Qualit\u00e4tssicherungsmethoden und modernste Pr\u00fcfsysteme.<\/p><p>Durch stetige Verbesserung und Weiterentwicklung k\u00f6nnen wir den Qualit\u00e4tsanspr\u00fcchen unserer Kunden gerecht werden.<br \/>Die Intertek Certification GmbH pr\u00fcft regelm\u00e4\u00dfig alle wichtigen Prozesse unseres Unternehmens und zertifiziert diese.<\/p><p>\u00dcberzeugen Sie sich selbst!<\/p><p>\u00a0<\/p><p><a href=\"https:\/\/www.hpwirth.com\/downloads\/\">Die Zertifizierung finden Sie unter Downloads.<\/a><\/p><p>[\/et_pb_text][\/et_pb_column][\/et_pb_row][\/et_pb_section]<\/p>","_et_gb_content_width":"","footnotes":""},"class_list":["post-3257","page","type-page","status-publish","hentry"],"acf":[],"_links":{"self":[{"href":"https:\/\/www.hpwirth.com\/en\/wp-json\/wp\/v2\/pages\/3257","targetHints":{"allow":["GET"]}}],"collection":[{"href":"https:\/\/www.hpwirth.com\/en\/wp-json\/wp\/v2\/pages"}],"about":[{"href":"https:\/\/www.hpwirth.com\/en\/wp-json\/wp\/v2\/types\/page"}],"author":[{"embeddable":true,"href":"https:\/\/www.hpwirth.com\/en\/wp-json\/wp\/v2\/users\/4"}],"replies":[{"embeddable":true,"href":"https:\/\/www.hpwirth.com\/en\/wp-json\/wp\/v2\/comments?post=3257"}],"version-history":[{"count":8,"href":"https:\/\/www.hpwirth.com\/en\/wp-json\/wp\/v2\/pages\/3257\/revisions"}],"predecessor-version":[{"id":4959,"href":"https:\/\/www.hpwirth.com\/en\/wp-json\/wp\/v2\/pages\/3257\/revisions\/4959"}],"wp:attachment":[{"href":"https:\/\/www.hpwirth.com\/en\/wp-json\/wp\/v2\/media?parent=3257"}],"curies":[{"name":"wp","href":"https:\/\/api.w.org\/{rel}","templated":true}]}}